{"id":748,"date":"2024-11-12T06:40:03","date_gmt":"2024-11-12T06:40:03","guid":{"rendered":"https:\/\/stephaneh20.sg-host.com\/?page_id=748"},"modified":"2026-01-04T04:06:56","modified_gmt":"2026-01-04T04:06:56","slug":"privacy-policy","status":"publish","type":"page","link":"https:\/\/e-idpa.com\/vi\/privacy-policy\/","title":{"rendered":"Ch\u00ednh s\u00e1ch b\u1ea3o m\u1eadt"},"content":{"rendered":"<div data-elementor-type=\"wp-page\" data-elementor-id=\"748\" class=\"elementor elementor-748\" data-elementor-post-type=\"page\">\n\t\t\t\t<div class=\"elementor-element elementor-element-9f84a38 e-flex e-con-boxed e-con e-parent\" data-id=\"9f84a38\" data-element_type=\"container\" data-e-type=\"container\" data-settings=\"{&quot;background_background&quot;:&quot;gradient&quot;}\">\n\t\t\t\t\t<div class=\"e-con-inner\">\n\t\t\t\t<div class=\"elementor-element elementor-element-a928d52 elementor-widget elementor-widget-heading\" data-id=\"a928d52\" data-element_type=\"widget\" data-e-type=\"widget\" data-widget_type=\"heading.default\">\n\t\t\t\t<div class=\"elementor-widget-container\">\n\t\t\t\t\t<h1 class=\"elementor-heading-title elementor-size-default\">Ch\u00ednh s\u00e1ch b\u1ea3o m\u1eadt<\/h1>\t\t\t\t<\/div>\n\t\t\t\t<\/div>\n\t\t\t\t<div class=\"elementor-element elementor-element-c05eb31 elementor-absolute image-float elementor-widget elementor-widget-image\" data-id=\"c05eb31\" data-element_type=\"widget\" data-e-type=\"widget\" data-settings=\"{&quot;_position&quot;:&quot;absolute&quot;}\" data-widget_type=\"image.default\">\n\t\t\t\t<div class=\"elementor-widget-container\">\n\t\t\t\t\t\t\t\t\t\t\t\t\t\t\t<img fetchpriority=\"high\" decoding=\"async\" width=\"300\" height=\"300\" src=\"https:\/\/e-idpa.com\/wp-content\/uploads\/2025\/11\/Ellipse-12-300x300.png\" class=\"attachment-medium size-medium wp-image-227552\" alt=\"\" srcset=\"https:\/\/e-idpa.com\/wp-content\/uploads\/2025\/11\/Ellipse-12-300x300.png 300w, https:\/\/e-idpa.com\/wp-content\/uploads\/2025\/11\/Ellipse-12-324x324.png 324w, https:\/\/e-idpa.com\/wp-content\/uploads\/2025\/11\/Ellipse-12-100x100.png 100w, https:\/\/e-idpa.com\/wp-content\/uploads\/2025\/11\/Ellipse-12-150x150.png 150w, https:\/\/e-idpa.com\/wp-content\/uploads\/2025\/11\/Ellipse-12.png 358w\" sizes=\"(max-width: 300px) 100vw, 300px\" \/>\t\t\t\t\t\t\t\t\t\t\t\t\t\t\t<\/div>\n\t\t\t\t<\/div>\n\t\t\t\t<div class=\"elementor-element elementor-element-aaa409d elementor-absolute image-ping-pong  elementor-widget elementor-widget-image\" data-id=\"aaa409d\" data-element_type=\"widget\" data-e-type=\"widget\" data-settings=\"{&quot;_position&quot;:&quot;absolute&quot;}\" data-widget_type=\"image.default\">\n\t\t\t\t<div class=\"elementor-widget-container\">\n\t\t\t\t\t\t\t\t\t\t\t\t\t\t\t<img decoding=\"async\" width=\"768\" height=\"768\" src=\"https:\/\/e-idpa.com\/wp-content\/uploads\/2025\/11\/light-shade-1-768x768.png\" class=\"attachment-medium_large size-medium_large wp-image-227551\" alt=\"\" srcset=\"https:\/\/e-idpa.com\/wp-content\/uploads\/2025\/11\/light-shade-1-768x768.png 768w, https:\/\/e-idpa.com\/wp-content\/uploads\/2025\/11\/light-shade-1-324x324.png 324w, https:\/\/e-idpa.com\/wp-content\/uploads\/2025\/11\/light-shade-1-100x100.png 100w, https:\/\/e-idpa.com\/wp-content\/uploads\/2025\/11\/light-shade-1-416x416.png 416w, https:\/\/e-idpa.com\/wp-content\/uploads\/2025\/11\/light-shade-1-300x300.png 300w, https:\/\/e-idpa.com\/wp-content\/uploads\/2025\/11\/light-shade-1-1024x1024.png 1024w, https:\/\/e-idpa.com\/wp-content\/uploads\/2025\/11\/light-shade-1-150x150.png 150w, https:\/\/e-idpa.com\/wp-content\/uploads\/2025\/11\/light-shade-1.png 1124w\" sizes=\"(max-width: 768px) 100vw, 768px\" \/>\t\t\t\t\t\t\t\t\t\t\t\t\t\t\t<\/div>\n\t\t\t\t<\/div>\n\t\t\t\t\t<\/div>\n\t\t\t\t<\/div>\n\t\t<div class=\"elementor-element elementor-element-7de8cfd e-flex e-con-boxed e-con e-parent\" data-id=\"7de8cfd\" data-element_type=\"container\" data-e-type=\"container\">\n\t\t\t\t\t<div class=\"e-con-inner\">\n\t\t\t\t<div class=\"elementor-element elementor-element-fc47118 elementor-widget elementor-widget-heading\" data-id=\"fc47118\" data-element_type=\"widget\" data-e-type=\"widget\" data-widget_type=\"heading.default\">\n\t\t\t\t<div class=\"elementor-widget-container\">\n\t\t\t\t\t<h2 class=\"elementor-heading-title elementor-size-default\"><b> Ch\u00ednh s\u00e1ch b\u1ea3o m\u1eadt <\/b><\/h2>\t\t\t\t<\/div>\n\t\t\t\t<\/div>\n\t\t\t\t<div class=\"elementor-element elementor-element-5b08058 elementor-widget elementor-widget-text-editor\" data-id=\"5b08058\" data-element_type=\"widget\" data-e-type=\"widget\" data-widget_type=\"text-editor.default\">\n\t\t\t\t<div class=\"elementor-widget-container\">\n\t\t\t\t\t\t\t\t\t<p><b>Hi\u1ec7p h\u1ed9i Gi\u1ea5y ph\u00e9p L\u00e1i xe Qu\u1ed1c t\u1ebf (IDPA)<\/b><b><br \/><\/b>Ng\u00e0y c\u00f3 hi\u1ec7u l\u1ef1c:<\/p><h2><b>Gi\u1ea3i th\u00edch ph\u00e1p l\u00fd<\/b><\/h2><p>The <b>Hi\u1ec7p h\u1ed9i Gi\u1ea5y ph\u00e9p L\u00e1i xe Qu\u1ed1c t\u1ebf (IDPA)<\/b> ho\u1ea1t \u0111\u1ed9ng nh\u01b0 m\u1ed9t t\u1ed5 ch\u1ee9c t\u01b0 nh\u00e2n \u0111\u1ed9c l\u1eadp. IDPA l\u00e0 <b>Kh\u00f4ng li\u00ean k\u1ebft v\u1edbi<\/b>, \u0111\u01b0\u1ee3c s\u1ef1 \u1ee7ng h\u1ed9 c\u1ee7a, ho\u1eb7c h\u00e0nh \u0111\u1ed9ng thay m\u1eb7t cho b\u1ea5t k\u1ef3 c\u01a1 quan ch\u00ednh ph\u1ee7, hi\u1ec7p h\u1ed9i \u00f4 t\u00f4 ho\u1eb7c c\u01a1 quan c\u1ea5p ph\u00e9p n\u00e0o, bao g\u1ed3m Hi\u1ec7p h\u1ed9i \u00d4 t\u00f4 Hoa K\u1ef3 (AAA).<\/p><p>Gi\u1ea5y ph\u00e9p l\u00e1i xe qu\u1ed1c t\u1ebf do IDPA c\u1ea5p l\u00e0 m\u1ed9t <b>B\u1ea3n d\u1ecbch t\u00e0i li\u1ec7u<\/b> \u0110\u01b0\u1ee3c thi\u1ebft k\u1ebf \u0111\u1ec3 \u0111i k\u00e8m v\u1edbi gi\u1ea5y ph\u00e9p l\u00e1i xe trong n\u01b0\u1edbc h\u1ee3p l\u1ec7. N\u00f3 l\u00e0m <b>Kh\u00f4ng thay th\u1ebf<\/b>, s\u1eeda \u0111\u1ed5i ho\u1eb7c ho\u1ea1t \u0111\u1ed9ng nh\u01b0 m\u1ed9t gi\u1ea5y ph\u00e9p l\u00e1i xe ch\u00ednh th\u1ee9c.<\/p><h2><b>V\u1ec1 Ch\u00ednh s\u00e1ch B\u1ea3o m\u1eadt n\u00e0y<\/b><\/h2><p>Ch\u00ednh s\u00e1ch B\u1ea3o m\u1eadt n\u00e0y \u00e1p d\u1ee5ng cho trang web.<a href=\"https:\/\/e-idpa.com\/vi\/\"> <b>https:\/\/e-idpa.com\/<\/b><\/a>, s\u1edf h\u1eefu v\u00e0 \u0111i\u1ec1u h\u00e0nh b\u1edfi <b>Hi\u1ec7p h\u1ed9i Gi\u1ea5y ph\u00e9p L\u00e1i xe Qu\u1ed1c t\u1ebf (IDPA)<\/b>.<\/p><p>IDPA coi tr\u1ecdng quy\u1ec1n ri\u00eang t\u01b0 c\u1ee7a b\u1ea1n v\u00e0 cam k\u1ebft b\u1ea3o v\u1ec7 th\u00f4ng tin c\u00e1 nh\u00e2n m\u00e0 b\u1ea1n chia s\u1ebb v\u1edbi ch\u00fang t\u00f4i. Ch\u00ednh s\u00e1ch n\u00e0y gi\u1ea3i th\u00edch c\u00e1ch ch\u00fang t\u00f4i thu th\u1eadp, l\u01b0u tr\u1eef, x\u1eed l\u00fd v\u00e0 b\u1ea3o v\u1ec7 d\u1eef li\u1ec7u c\u1ee7a b\u1ea1n khi b\u1ea1n s\u1eed d\u1ee5ng trang web ho\u1eb7c d\u1ecbch v\u1ee5 c\u1ee7a ch\u00fang t\u00f4i.<\/p><p>C\u00e1c ho\u1ea1t \u0111\u1ed9ng c\u1ee7a ch\u00fang t\u00f4i tu\u00e2n th\u1ee7 c\u00e1c quy \u0111\u1ecbnh v\u1ec1 b\u1ea3o v\u1ec7 d\u1eef li\u1ec7u v\u00e0 quy\u1ec1n ri\u00eang t\u01b0 hi\u1ec7n h\u00e0nh, bao g\u1ed3m: <b>Quy \u0111\u1ecbnh chung v\u1ec1 b\u1ea3o v\u1ec7 d\u1eef li\u1ec7u (GDPR)<\/b> v\u00e0 c\u00e1c lu\u1eadt b\u1ea3o v\u1ec7 quy\u1ec1n ri\u00eang t\u01b0 c\u1ee7a Hoa K\u1ef3 c\u00f3 li\u00ean quan.<\/p><h2><b>\u0110i\u1ec1u ki\u1ec7n tham gia<\/b><\/h2><p>B\u1eb1ng c\u00e1ch truy c\u1eadp ho\u1eb7c s\u1eed d\u1ee5ng trang web v\u00e0 d\u1ecbch v\u1ee5 c\u1ee7a ch\u00fang t\u00f4i, b\u1ea1n x\u00e1c nh\u1eadn r\u1eb1ng:<\/p><ul><li aria-level=\"1\">B\u1ea1n \u0111\u00e3 \u0111\u1ee7 tu\u1ed5i th\u00e0nh ni\u00ean theo quy \u0111\u1ecbnh c\u1ee7a ph\u00e1p lu\u1eadt t\u1ea1i qu\u1ed1c gia n\u01a1i b\u1ea1n c\u01b0 tr\u00fa.<\/li><li aria-level=\"1\">B\u1ea1n c\u00f3 \u0111\u1ee7 n\u0103ng l\u1ef1c ph\u00e1p l\u00fd \u0111\u1ec3 k\u00fd k\u1ebft c\u00e1c th\u1ecfa thu\u1eadn v\u00e0 s\u1eed d\u1ee5ng d\u1ecbch v\u1ee5 c\u1ee7a ch\u00fang t\u00f4i.<\/li><\/ul><h2><b>Th\u00f4ng tin ch\u00fang t\u00f4i thu th\u1eadp<\/b><\/h2><h3><b>Th\u00f4ng tin c\u00e1 nh\u00e2n<\/b><\/h3><p>Khi b\u1ea1n \u0111\u0103ng k\u00fd IDP ho\u1eb7c s\u1eed d\u1ee5ng d\u1ecbch v\u1ee5 c\u1ee7a ch\u00fang t\u00f4i, ch\u00fang t\u00f4i c\u00f3 th\u1ec3 thu th\u1eadp th\u00f4ng tin bao g\u1ed3m, nh\u01b0ng kh\u00f4ng gi\u1edbi h\u1ea1n \u1edf:<\/p><ul><li aria-level=\"1\">H\u1ecd v\u00e0 t\u00ean \u0111\u1ea7y \u0111\u1ee7<\/li><li aria-level=\"1\">\u0110\u1ecba ch\u1ec9 email<\/li><li aria-level=\"1\">\u0110\u1ecba ch\u1ec9 c\u01b0 tr\u00fa v\u00e0 chi ti\u1ebft v\u1ecb tr\u00ed<\/li><li aria-level=\"1\">B\u1ea3n sao gi\u1ea5y ph\u00e9p l\u00e1i xe trong n\u01b0\u1edbc c\u1ee7a b\u1ea1n<\/li><li aria-level=\"1\">\u1ea2nh c\u00e1 nh\u00e2n<\/li><li aria-level=\"1\">Th\u00f4ng tin thanh to\u00e1n v\u00e0 h\u00f3a \u0111\u01a1n<\/li><\/ul><p>Th\u00f4ng tin n\u00e0y l\u00e0 c\u1ea7n thi\u1ebft \u0111\u1ec3 x\u1eed l\u00fd \u0111\u01a1n \u0111\u0103ng k\u00fd v\u00e0 cung c\u1ea5p d\u1ecbch v\u1ee5.<\/p><h3><b>Th\u00f4ng tin kh\u00f4ng c\u00e1 nh\u00e2n<\/b><\/h3><p>Ch\u00fang t\u00f4i c\u00f3 th\u1ec3 t\u1ef1 \u0111\u1ed9ng thu th\u1eadp d\u1eef li\u1ec7u k\u1ef9 thu\u1eadt v\u00e0 d\u1eef li\u1ec7u s\u1eed d\u1ee5ng nh\u01b0:<\/p><ul><li aria-level=\"1\">\u0110\u1ecba ch\u1ec9 IP<\/li><li aria-level=\"1\">Lo\u1ea1i tr\u00ecnh duy\u1ec7t<\/li><li aria-level=\"1\">Th\u00f4ng tin thi\u1ebft b\u1ecb<\/li><li aria-level=\"1\">S\u1ed1 trang \u0111\u00e3 truy c\u1eadp v\u00e0 th\u1eddi gian d\u00e0nh cho trang web<\/li><li aria-level=\"1\">Li\u00ean k\u1ebft gi\u1edbi thi\u1ec7u<\/li><\/ul><p>D\u1eef li\u1ec7u n\u00e0y gi\u00fap ch\u00fang t\u00f4i c\u1ea3i thi\u1ec7n hi\u1ec7u su\u1ea5t, b\u1ea3o m\u1eadt v\u00e0 tr\u1ea3i nghi\u1ec7m ng\u01b0\u1eddi d\u00f9ng.<\/p><h2><b>C\u00e1c c\u00f4ng ngh\u1ec7 ch\u00fang t\u00f4i s\u1eed d\u1ee5ng<\/b><\/h2><p>\u0110\u1ec3 ho\u1ea1t \u0111\u1ed9ng hi\u1ec7u qu\u1ea3, IDPA s\u1eed d\u1ee5ng c\u00e1c c\u00f4ng ngh\u1ec7 s\u1ed1 ph\u1ed5 bi\u1ebfn, bao g\u1ed3m:<\/p><h3><b>B\u00e1nh quy<\/b><\/h3><p>Cookies gi\u00fap ghi nh\u1edb c\u00e1c t\u00f9y ch\u1ecdn c\u1ee7a b\u1ea1n v\u00e0 c\u1ea3i thi\u1ec7n ch\u1ee9c n\u0103ng c\u1ee7a trang web. B\u1ea1n c\u00f3 th\u1ec3 t\u1eaft cookies trong c\u00e0i \u0111\u1eb7t tr\u00ecnh duy\u1ec7t, nh\u01b0ng m\u1ed9t s\u1ed1 t\u00ednh n\u0103ng c\u00f3 th\u1ec3 kh\u00f4ng ho\u1ea1t \u0111\u1ed9ng \u0111\u00fang c\u00e1ch.<\/p><h3><b>T\u1ec7p nh\u1eadt k\u00fd<\/b><\/h3><p>Nh\u1eadt k\u00fd h\u1ec7 th\u1ed1ng c\u00f3 th\u1ec3 ghi l\u1ea1i c\u00e1c chi ti\u1ebft k\u1ef9 thu\u1eadt khi x\u1ea3y ra l\u1ed7i, ch\u1eb3ng h\u1ea1n nh\u01b0 lo\u1ea1i thi\u1ebft b\u1ecb, h\u1ec7 \u0111i\u1ec1u h\u00e0nh v\u00e0 d\u1ea5u th\u1eddi gian.<\/p><h3><b>Theo d\u00f5i pixel v\u00e0 web beacon<\/b><\/h3><p>C\u00e1c c\u00f4ng c\u1ee5 n\u00e0y gi\u00fap ph\u00e2n t\u00edch l\u01b0u l\u01b0\u1ee3ng truy c\u1eadp website, t\u01b0\u01a1ng t\u00e1c email v\u00e0 hi\u1ec7u su\u1ea5t n\u1ed9i dung.<\/p><h2><b>C\u00e1ch ch\u00fang t\u00f4i s\u1eed d\u1ee5ng th\u00f4ng tin c\u1ee7a b\u1ea1n<\/b><\/h2><p>Th\u00f4ng tin c\u1ee7a b\u1ea1n ch\u1ec9 \u0111\u01b0\u1ee3c x\u1eed l\u00fd cho c\u00e1c m\u1ee5c \u0111\u00edch kinh doanh h\u1ee3p ph\u00e1p, bao g\u1ed3m:<\/p><ul><li aria-level=\"1\">Xem x\u00e9t v\u00e0 x\u1eed l\u00fd \u0111\u01a1n \u0111\u0103ng k\u00fd c\u1ee7a ng\u01b0\u1eddi t\u1ecb n\u1ea1n n\u1ed9i \u0111\u1ecba (IDP)<\/li><li aria-level=\"1\">Giao nh\u1eadn t\u00e0i li\u1ec7u k\u1ef9 thu\u1eadt s\u1ed1 v\u00e0 t\u00e0i li\u1ec7u in \u1ea5n<\/li><li aria-level=\"1\">Th\u00f4ng b\u00e1o v\u1ec1 c\u00e1c c\u1eadp nh\u1eadt d\u1ecbch v\u1ee5 v\u00e0 x\u00e1c nh\u1eadn<\/li><li aria-level=\"1\">Cung c\u1ea5p d\u1ecbch v\u1ee5 h\u1ed7 tr\u1ee3 kh\u00e1ch h\u00e0ng<\/li><li aria-level=\"1\">N\u00e2ng cao t\u00ednh n\u0103ng v\u00e0 b\u1ea3o m\u1eadt c\u1ee7a trang web<\/li><li aria-level=\"1\">Tu\u00e2n th\u1ee7 c\u00e1c ngh\u0129a v\u1ee5 ph\u00e1p l\u00fd<\/li><\/ul><p>D\u1eef li\u1ec7u t\u1ed5ng h\u1ee3p ho\u1eb7c \u1ea9n danh c\u00f3 th\u1ec3 \u0111\u01b0\u1ee3c s\u1eed d\u1ee5ng cho ph\u00e2n t\u00edch v\u00e0 gi\u00e1m s\u00e1t hi\u1ec7u su\u1ea5t.<\/p><h2><b>C\u01a1 s\u1edf ph\u00e1p l\u00fd cho vi\u1ec7c x\u1eed l\u00fd<\/b><\/h2><p>Ch\u00fang t\u00f4i x\u1eed l\u00fd d\u1eef li\u1ec7u c\u00e1 nh\u00e2n d\u1ef1a tr\u00ean:<\/p><ul><li aria-level=\"1\">S\u1ef1 c\u1ea7n thi\u1ebft theo h\u1ee3p \u0111\u1ed3ng (\u0111\u1ec3 cung c\u1ea5p c\u00e1c d\u1ecbch v\u1ee5 \u0111\u01b0\u1ee3c y\u00eau c\u1ea7u)<\/li><li aria-level=\"1\">Ngh\u0129a v\u1ee5 ph\u00e1p l\u00fd<\/li><li aria-level=\"1\">L\u1ee3i \u00edch kinh doanh h\u1ee3p ph\u00e1p<\/li><li aria-level=\"1\">S\u1ef1 \u0111\u1ed3ng \u00fd c\u1ee7a ng\u01b0\u1eddi d\u00f9ng, khi c\u1ea7n thi\u1ebft<\/li><\/ul><p>B\u1ea1n c\u00f3 th\u1ec3 r\u00fat l\u1ea1i s\u1ef1 \u0111\u1ed3ng \u00fd c\u1ee7a m\u00ecnh b\u1ea5t c\u1ee9 l\u00fac n\u00e0o b\u1eb1ng c\u00e1ch li\u00ean h\u1ec7 v\u1edbi ch\u00fang t\u00f4i, l\u01b0u \u00fd r\u1eb1ng \u0111i\u1ec1u n\u00e0y c\u00f3 th\u1ec3 \u1ea3nh h\u01b0\u1edfng \u0111\u1ebfn kh\u1ea3 n\u0103ng cung c\u1ea5p d\u1ecbch v\u1ee5.<\/p><h2><b>Chia s\u1ebb th\u00f4ng tin<\/b><\/h2><p>Ch\u00fang t\u00f4i c\u00f3 th\u1ec3 chia s\u1ebb d\u1eef li\u1ec7u c\u1ee7a b\u1ea1n v\u1edbi c\u00e1c nh\u00e0 cung c\u1ea5p d\u1ecbch v\u1ee5 b\u00ean th\u1ee9 ba \u0111\u00e1ng tin c\u1eady h\u1ed7 tr\u1ee3 trong vi\u1ec7c:<\/p><ul><li aria-level=\"1\">X\u1eed l\u00fd thanh to\u00e1n<\/li><li aria-level=\"1\">Th\u00f4ng tin li\u00ean l\u1ea1c qua email<\/li><li aria-level=\"1\">H\u1ed7 tr\u1ee3 kh\u00e1ch h\u00e0ng<\/li><li aria-level=\"1\">V\u1eadn chuy\u1ec3n v\u00e0 logistics<\/li><li aria-level=\"1\">Ph\u00e2n t\u00edch website<\/li><\/ul><p>C\u00e1c nh\u00e0 cung c\u1ea5p n\u00e0y c\u00f3 ngh\u0129a v\u1ee5 h\u1ee3p \u0111\u1ed3ng ph\u1ea3i duy tr\u00ec t\u00ednh b\u1ea3o m\u1eadt v\u00e0 an to\u00e0n d\u1eef li\u1ec7u.<\/p><p>Ch\u00fang t\u00f4i c\u0169ng c\u00f3 th\u1ec3 ti\u1ebft l\u1ed9 d\u1eef li\u1ec7u n\u1ebfu \u0111\u01b0\u1ee3c y\u00eau c\u1ea7u b\u1edfi ph\u00e1p lu\u1eadt, l\u1ec7nh c\u1ee7a t\u00f2a \u00e1n ho\u1eb7c \u0111\u1ec3 b\u1ea3o v\u1ec7 quy\u1ec1n l\u1ee3i ph\u00e1p l\u00fd, an to\u00e0n ho\u1eb7c t\u00e0i s\u1ea3n.<\/p><p>Trong tr\u01b0\u1eddng h\u1ee3p s\u00e1p nh\u1eadp, mua l\u1ea1i ho\u1eb7c b\u00e1n t\u00e0i s\u1ea3n, d\u1eef li\u1ec7u ng\u01b0\u1eddi d\u00f9ng c\u00f3 th\u1ec3 \u0111\u01b0\u1ee3c chuy\u1ec3n giao nh\u01b0 m\u1ed9t ph\u1ea7n c\u1ee7a giao d\u1ecbch kinh doanh.<\/p><h2><b>Ti\u1ebfp th\u1ecb &amp; Qu\u1ea3ng c\u00e1o<\/b><\/h2><p>IDPA c\u00f3 th\u1ec3 s\u1eed d\u1ee5ng d\u1eef li\u1ec7u c\u00e1 nh\u00e2n h\u1ea1n ch\u1ebf \u0111\u1ec3 cung c\u1ea5p c\u00e1c \u0111\u1ec1 xu\u1ea5t ho\u1eb7c th\u00f4ng tin li\u00ean l\u1ea1c ph\u00f9 h\u1ee3p.<br \/>B\u1ea1n c\u00f3 th\u1ec3 qu\u1ea3n l\u00fd s\u1edf th\u00edch qu\u1ea3ng c\u00e1o ho\u1eb7c t\u1eeb ch\u1ed1i tham gia th\u00f4ng qua:<\/p><ul><li aria-level=\"1\">C\u00e0i \u0111\u1eb7t tr\u00ecnh duy\u1ec7t c\u1ee7a b\u1ea1n<\/li><li aria-level=\"1\">C\u00e1c n\u1ec1n t\u1ea3ng qu\u1ea3ng c\u00e1o c\u1ee7a b\u00ean th\u1ee9 ba<\/li><li aria-level=\"1\">Li\u00ean k\u1ebft h\u1ee7y \u0111\u0103ng k\u00fd trong email<\/li><\/ul><h2><b>L\u01b0u tr\u1eef d\u1eef li\u1ec7u<\/b><\/h2><p>Ch\u00fang t\u00f4i ch\u1ec9 l\u01b0u tr\u1eef d\u1eef li\u1ec7u c\u00e1 nh\u00e2n trong th\u1eddi gian c\u1ea7n thi\u1ebft \u0111\u1ec3:<\/p><ul><li aria-level=\"1\">Cung c\u1ea5p d\u1ecbch v\u1ee5<\/li><li aria-level=\"1\">Tu\u00e2n th\u1ee7 c\u00e1c y\u00eau c\u1ea7u ph\u00e1p l\u00fd v\u00e0 quy \u0111\u1ecbnh.<\/li><li aria-level=\"1\">Gi\u1ea3i quy\u1ebft tranh ch\u1ea5p ho\u1eb7c thi h\u00e0nh th\u1ecfa thu\u1eadn<\/li><\/ul><h2><b>Quy\u1ec1n c\u1ee7a b\u1ea1n (Ng\u01b0\u1eddi d\u00f9ng trong Khu v\u1ef1c Kinh t\u1ebf Ch\u00e2u \u00c2u (EEA) v\u00e0 To\u00e0n c\u1ea7u)<\/b><\/h2><p>T\u00f9y thu\u1ed9c v\u00e0o v\u1ecb tr\u00ed c\u1ee7a b\u1ea1n, b\u1ea1n c\u00f3 th\u1ec3 c\u00f3 quy\u1ec1n:<\/p><ul><li aria-level=\"1\">Tra c\u1ee9u th\u00f4ng tin c\u00e1 nh\u00e2n c\u1ee7a b\u1ea1n<\/li><li aria-level=\"1\">Y\u00eau c\u1ea7u ch\u1ec9nh s\u1eeda ho\u1eb7c x\u00f3a<\/li><li aria-level=\"1\">H\u1ea1n ch\u1ebf ho\u1eb7c ph\u1ea3n \u0111\u1ed1i vi\u1ec7c x\u1eed l\u00fd<\/li><li aria-level=\"1\">Y\u00eau c\u1ea7u chuy\u1ec3n giao d\u1eef li\u1ec7u<\/li><\/ul><p>Y\u00eau c\u1ea7u c\u00f3 th\u1ec3 \u0111\u01b0\u1ee3c g\u1eedi qua email v\u00e0 s\u1ebd \u0111\u01b0\u1ee3c x\u00e1c minh tr\u01b0\u1edbc khi x\u1eed l\u00fd.<\/p><h2><b>B\u1ea3o m\u1eadt d\u1eef li\u1ec7u<\/b><\/h2><p>IDPA \u00e1p d\u1ee5ng c\u00e1c bi\u1ec7n ph\u00e1p b\u1ea3o m\u1eadt ti\u00eau chu\u1ea9n ng\u00e0nh, bao g\u1ed3m:<\/p><ul><li aria-level=\"1\">M\u00e3 h\u00f3a SSL<\/li><li aria-level=\"1\">M\u00e1y ch\u1ee7 an to\u00e0n<\/li><li aria-level=\"1\">Ki\u1ec3m so\u00e1t truy c\u1eadp<\/li><\/ul><p>M\u1eb7c d\u00f9 ch\u00fang t\u00f4i \u0111\u00e3 th\u1ef1c hi\u1ec7n c\u00e1c bi\u1ec7n ph\u00e1p h\u1ee3p l\u00fd \u0111\u1ec3 b\u1ea3o v\u1ec7 d\u1eef li\u1ec7u c\u1ee7a b\u1ea1n, kh\u00f4ng c\u00f3 h\u1ec7 th\u1ed1ng n\u00e0o l\u00e0 ho\u00e0n to\u00e0n an to\u00e0n. Trong tr\u01b0\u1eddng h\u1ee3p x\u1ea3y ra vi ph\u1ea1m d\u1eef li\u1ec7u, ng\u01b0\u1eddi d\u00f9ng b\u1ecb \u1ea3nh h\u01b0\u1edfng s\u1ebd \u0111\u01b0\u1ee3c th\u00f4ng b\u00e1o theo quy \u0111\u1ecbnh c\u1ee7a ph\u00e1p lu\u1eadt.<\/p><h2><b>Chuy\u1ec3n giao d\u1eef li\u1ec7u qu\u1ed1c t\u1ebf<\/b><\/h2><p>H\u1ec7 th\u1ed1ng c\u1ee7a ch\u00fang t\u00f4i c\u00f3 th\u1ec3 \u0111\u01b0\u1ee3c l\u01b0u tr\u1eef t\u1ea1i Hoa K\u1ef3 ho\u1eb7c c\u00e1c khu v\u1ef1c ph\u00e1p l\u00fd kh\u00e1c. B\u1eb1ng vi\u1ec7c s\u1eed d\u1ee5ng d\u1ecbch v\u1ee5 c\u1ee7a ch\u00fang t\u00f4i, b\u1ea1n \u0111\u1ed3ng \u00fd v\u1edbi vi\u1ec7c chuy\u1ec3n giao v\u00e0 x\u1eed l\u00fd d\u1eef li\u1ec7u c\u1ee7a b\u1ea1n t\u1ea1i c\u00e1c \u0111\u1ecba \u0111i\u1ec3m n\u00e0y.<\/p><h2><b>Th\u00f4ng tin li\u00ean l\u1ea1c &amp; T\u1eeb ch\u1ed1i nh\u1eadn th\u00f4ng tin<\/b><\/h2><p>B\u1ea1n c\u00f3 th\u1ec3 t\u1eeb ch\u1ed1i nh\u1eadn c\u00e1c th\u00f4ng tin kh\u00f4ng c\u1ea7n thi\u1ebft b\u1ea5t c\u1ee9 l\u00fac n\u00e0o b\u1eb1ng c\u00e1ch:<\/p><ul><li aria-level=\"1\">Nh\u1ea5p v\u00e0o li\u00ean k\u1ebft h\u1ee7y \u0111\u0103ng k\u00fd trong email<\/li><li aria-level=\"1\">Li\u00ean h\u1ec7 tr\u1ef1c ti\u1ebfp v\u1edbi \u0111\u1ed9i ng\u0169 h\u1ed7 tr\u1ee3 c\u1ee7a ch\u00fang t\u00f4i<\/li><\/ul><p>C\u00e1c email giao d\u1ecbch li\u00ean quan \u0111\u1ebfn \u0111\u01a1n \u0111\u0103ng k\u00fd c\u1ee7a b\u1ea1n v\u1eabn c\u00f3 th\u1ec3 \u0111\u01b0\u1ee3c g\u1eedi.<\/p><h2><b>Quy\u1ec1n s\u1edf h\u1eefu tr\u00ed tu\u1ec7<\/b><\/h2><p>T\u1ea5t c\u1ea3 n\u1ed9i dung trang web, nh\u00e3n hi\u1ec7u, logo, v\u0103n b\u1ea3n, \u0111\u1ed3 h\u1ecda v\u00e0 thi\u1ebft k\u1ebf l\u00e0 t\u00e0i s\u1ea3n c\u1ee7a <b>Hi\u1ec7p h\u1ed9i Gi\u1ea5y ph\u00e9p L\u00e1i xe Qu\u1ed1c t\u1ebf (IDPA)<\/b> ho\u1eb7c c\u00e1c b\u00ean c\u1ea5p ph\u00e9p c\u1ee7a n\u00f3. Vi\u1ec7c s\u1eed d\u1ee5ng, sao ch\u00e9p ho\u1eb7c ph\u00e2n ph\u1ed1i tr\u00e1i ph\u00e9p l\u00e0 ho\u00e0n to\u00e0n b\u1ecb c\u1ea5m.<\/p><h2><b>Mi\u1ec5n tr\u1eeb tr\u00e1ch nhi\u1ec7m &amp; Gi\u1edbi h\u1ea1n tr\u00e1ch nhi\u1ec7m<\/b><\/h2><p>T\u1ea5t c\u1ea3 c\u00e1c d\u1ecbch v\u1ee5 v\u00e0 n\u1ed9i dung \u0111\u01b0\u1ee3c cung c\u1ea5p \u201cnguy\u00ean tr\u1ea1ng\u201d m\u00e0 kh\u00f4ng k\u00e8m theo b\u1ea5t k\u1ef3 b\u1ea3o \u0111\u1ea3m n\u00e0o. IDPA kh\u00f4ng ch\u1ecbu tr\u00e1ch nhi\u1ec7m v\u1ec1 c\u00e1c thi\u1ec7t h\u1ea1i gi\u00e1n ti\u1ebfp, ng\u1eabu nhi\u00ean ho\u1eb7c do h\u1eadu qu\u1ea3 ph\u00e1t sinh t\u1eeb vi\u1ec7c s\u1eed d\u1ee5ng trang web ho\u1eb7c d\u1ecbch v\u1ee5 n\u00e0y.<\/p><h2><b>C\u1eadp nh\u1eadt ch\u00ednh s\u00e1ch<\/b><\/h2><p>IDPA c\u00f3 quy\u1ec1n c\u1eadp nh\u1eadt Ch\u00ednh s\u00e1ch B\u1ea3o m\u1eadt n\u00e0y v\u00e0o b\u1ea5t k\u1ef3 th\u1eddi \u0111i\u1ec3m n\u00e0o. Vi\u1ec7c ti\u1ebfp t\u1ee5c s\u1eed d\u1ee5ng trang web sau khi c\u00f3 c\u1eadp nh\u1eadt \u0111\u01b0\u1ee3c coi l\u00e0 s\u1ef1 ch\u1ea5p nh\u1eadn \u0111\u1ed1i v\u1edbi ch\u00ednh s\u00e1ch \u0111\u00e3 \u0111\u01b0\u1ee3c s\u1eeda \u0111\u1ed5i.<\/p><p>Ch\u00fang t\u00f4i khuy\u1ebfn kh\u00edch ng\u01b0\u1eddi d\u00f9ng th\u01b0\u1eddng xuy\u00ean ki\u1ec3m tra trang n\u00e0y.<\/p><h2><b>Th\u00f4ng tin li\u00ean h\u1ec7<\/b><\/h2><p>\u0110\u1ed1i v\u1edbi c\u00e1c c\u00e2u h\u1ecfi ho\u1eb7c y\u00eau c\u1ea7u li\u00ean quan \u0111\u1ebfn quy\u1ec1n ri\u00eang t\u01b0, vui l\u00f2ng li\u00ean h\u1ec7 v\u1edbi ch\u00fang t\u00f4i t\u1ea1i:<br \/>\ud83d\udce7 <b>Email:<\/b> <a href=\"mailto:support@e-idpa.com\">support@e-idpa.com<\/a><br \/>\ud83c\udf10 <b>Trang web:<\/b><a href=\"https:\/\/e-idpa.com\/vi\/\"> https:\/\/e-idpa.com\/<\/a><\/p>\t\t\t\t\t\t\t\t<\/div>\n\t\t\t\t<\/div>\n\t\t\t\t\t<\/div>\n\t\t\t\t<\/div>\n\t\t\t\t<\/div>","protected":false},"excerpt":{"rendered":"<p>Privacy Policy Privacy Policy International Driving Permit Association (IDPA)Effective Date: Legal Clarification The International Driving Permit Association (IDPA) operates as an independent private organization. IDPA is not affiliated with, endorsed by, or acting on behalf of any government authority, automobile association, or licensing body, including the American Automobile Association (AAA). The International Driving Permit issued [&hellip;]<\/p>\n","protected":false},"author":1,"featured_media":0,"parent":0,"menu_order":0,"comment_status":"closed","ping_status":"closed","template":"","meta":{"inline_featured_image":false,"footnotes":""},"class_list":["post-748","page","type-page","status-publish","hentry"],"_links":{"self":[{"href":"https:\/\/e-idpa.com\/vi\/wp-json\/wp\/v2\/pages\/748","targetHints":{"allow":["GET"]}}],"collection":[{"href":"https:\/\/e-idpa.com\/vi\/wp-json\/wp\/v2\/pages"}],"about":[{"href":"https:\/\/e-idpa.com\/vi\/wp-json\/wp\/v2\/types\/page"}],"author":[{"embeddable":true,"href":"https:\/\/e-idpa.com\/vi\/wp-json\/wp\/v2\/users\/1"}],"replies":[{"embeddable":true,"href":"https:\/\/e-idpa.com\/vi\/wp-json\/wp\/v2\/comments?post=748"}],"version-history":[{"count":6,"href":"https:\/\/e-idpa.com\/vi\/wp-json\/wp\/v2\/pages\/748\/revisions"}],"predecessor-version":[{"id":229843,"href":"https:\/\/e-idpa.com\/vi\/wp-json\/wp\/v2\/pages\/748\/revisions\/229843"}],"wp:attachment":[{"href":"https:\/\/e-idpa.com\/vi\/wp-json\/wp\/v2\/media?parent=748"}],"curies":[{"name":"wp","href":"https:\/\/api.w.org\/{rel}","templated":true}]}}